{"id":1031,"date":"2020-06-23T15:19:10","date_gmt":"2020-06-23T15:19:10","guid":{"rendered":"https:\/\/consultoriapadex.com\/?page_id=1031"},"modified":"2020-10-07T15:13:12","modified_gmt":"2020-10-07T15:13:12","slug":"clientes","status":"publish","type":"page","link":"https:\/\/consultoriapadex.com\/en\/customers\/","title":{"rendered":"Customers"},"content":{"rendered":"<div data-elementor-type=\"wp-page\" data-elementor-id=\"1031\" class=\"elementor elementor-1031\" data-elementor-settings=\"[]\">\n\t\t\t\t\t\t<div class=\"elementor-inner\">\n\t\t\t\t\t\t\t<div class=\"elementor-section-wrap\">\n\t\t\t\t\t\t\t<section class=\"elementor-section elementor-top-section elementor-element elementor-element-42ee338f elementor-section-full_width elementor-section-height-min-height elementor-section-height-default elementor-section-items-middle\" data-id=\"42ee338f\" data-element_type=\"section\" data-settings=\"{&quot;background_background&quot;:&quot;classic&quot;}\">\n\t\t\t\t\t\t<div class=\"elementor-container elementor-column-gap-default\">\n\t\t\t\t\t\t\t<div class=\"elementor-row\">\n\t\t\t\t\t<div class=\"elementor-column elementor-col-100 elementor-top-column elementor-element elementor-element-2e809190\" data-id=\"2e809190\" data-element_type=\"column\">\n\t\t\t<div class=\"elementor-column-wrap elementor-element-populated\">\n\t\t\t\t\t\t\t<div class=\"elementor-widget-wrap\">\n\t\t\t\t\t\t<div class=\"elementor-element elementor-element-56ce5303 elementor-widget elementor-widget-heading\" data-id=\"56ce5303\" data-element_type=\"widget\" data-widget_type=\"heading.default\">\n\t\t\t\t<div class=\"elementor-widget-container\">\n\t\t\t<h1 class=\"elementor-heading-title elementor-size-default\">Customers<\/h1>\t\t<\/div>\n\t\t\t\t<\/div>\n\t\t\t\t\t\t<\/div>\n\t\t\t\t\t<\/div>\n\t\t<\/div>\n\t\t\t\t\t\t\t\t<\/div>\n\t\t\t\t\t<\/div>\n\t\t<\/section>\n\t\t\t\t<section class=\"elementor-section elementor-top-section elementor-element elementor-element-792d5413 elementor-section-content-middle elementor-section-full_width elementor-section-height-default elementor-section-height-default\" data-id=\"792d5413\" data-element_type=\"section\">\n\t\t\t\t\t\t<div class=\"elementor-container elementor-column-gap-no\">\n\t\t\t\t\t\t\t<div class=\"elementor-row\">\n\t\t\t\t\t<div class=\"elementor-column elementor-col-50 elementor-top-column elementor-element elementor-element-60d7d284\" data-id=\"60d7d284\" data-element_type=\"column\">\n\t\t\t<div class=\"elementor-column-wrap elementor-element-populated\">\n\t\t\t\t\t\t\t<div class=\"elementor-widget-wrap\">\n\t\t\t\t\t\t<div class=\"elementor-element elementor-element-bf3a291 elementor-view-default elementor-widget elementor-widget-icon\" data-id=\"bf3a291\" data-element_type=\"widget\" data-widget_type=\"icon.default\">\n\t\t\t\t<div class=\"elementor-widget-container\">\n\t\t\t\t\t<div class=\"elementor-icon-wrapper\">\n\t\t\t<div class=\"elementor-icon\">\n\t\t\t<i aria-hidden=\"true\" class=\"fas fa-users\"><\/i>\t\t\t<\/div>\n\t\t<\/div>\n\t\t\t\t<\/div>\n\t\t\t\t<\/div>\n\t\t\t\t<div class=\"elementor-element elementor-element-7cc09467 elementor-widget elementor-widget-heading\" data-id=\"7cc09467\" data-element_type=\"widget\" data-widget_type=\"heading.default\">\n\t\t\t\t<div class=\"elementor-widget-container\">\n\t\t\t<h1 class=\"elementor-heading-title elementor-size-default\">INSTITUTIONAL<\/h1>\t\t<\/div>\n\t\t\t\t<\/div>\n\t\t\t\t<div class=\"elementor-element elementor-element-db6b3a4 elementor-widget elementor-widget-heading\" data-id=\"db6b3a4\" data-element_type=\"widget\" data-widget_type=\"heading.default\">\n\t\t\t\t<div class=\"elementor-widget-container\">\n\t\t\t<h1 class=\"elementor-heading-title elementor-size-default\">CLIENTS<\/h1>\t\t<\/div>\n\t\t\t\t<\/div>\n\t\t\t\t<div class=\"elementor-element elementor-element-37782447 elementor-align-left elementor-icon-list--layout-traditional elementor-list-item-link-full_width elementor-widget elementor-widget-icon-list\" data-id=\"37782447\" data-element_type=\"widget\" data-widget_type=\"icon-list.default\">\n\t\t\t\t<div class=\"elementor-widget-container\">\n\t\t\t\t\t<ul class=\"elementor-icon-list-items\">\n\t\t\t\t\t\t\t<li class=\"elementor-icon-list-item\">\n\t\t\t\t\t\t\t\t\t\t\t<span class=\"elementor-icon-list-icon\">\n\t\t\t\t\t\t\t<i aria-hidden=\"true\" class=\"fas fa-check\"><\/i>\t\t\t\t\t\t<\/span>\n\t\t\t\t\t\t\t\t\t\t<span class=\"elementor-icon-list-text\">We manage the portfolios of local clients, expatriates or residents in Panama and an international clientele.<\/span>\n\t\t\t\t\t\t\t\t\t<\/li>\n\t\t\t\t\t\t\t\t<li class=\"elementor-icon-list-item\">\n\t\t\t\t\t\t\t\t\t\t\t<span class=\"elementor-icon-list-icon\">\n\t\t\t\t\t\t\t<i aria-hidden=\"true\" class=\"fas fa-check\"><\/i>\t\t\t\t\t\t<\/span>\n\t\t\t\t\t\t\t\t\t\t<span class=\"elementor-icon-list-text\">A single management group provides them with professional management services and answers for every need in different areas through a single contact agent for all assets. <\/span>\n\t\t\t\t\t\t\t\t\t<\/li>\n\t\t\t\t\t\t\t\t<li class=\"elementor-icon-list-item\">\n\t\t\t\t\t\t\t\t\t\t\t<span class=\"elementor-icon-list-icon\">\n\t\t\t\t\t\t\t<i aria-hidden=\"true\" class=\"fas fa-check\"><\/i>\t\t\t\t\t\t<\/span>\n\t\t\t\t\t\t\t\t\t\t<span class=\"elementor-icon-list-text\">We provide services to respond to the need of professional management by a single management group; the group can respond to different types of service with one single agent as contact for all the assets.<\/span>\n\t\t\t\t\t\t\t\t\t<\/li>\n\t\t\t\t\t\t<\/ul>\n\t\t\t\t<\/div>\n\t\t\t\t<\/div>\n\t\t\t\t\t\t<\/div>\n\t\t\t\t\t<\/div>\n\t\t<\/div>\n\t\t\t\t<div class=\"elementor-column elementor-col-50 elementor-top-column elementor-element elementor-element-d36572c\" data-id=\"d36572c\" data-element_type=\"column\">\n\t\t\t<div class=\"elementor-column-wrap elementor-element-populated\">\n\t\t\t\t\t\t\t<div class=\"elementor-widget-wrap\">\n\t\t\t\t\t\t<div class=\"elementor-element elementor-element-9b26787 elementor-widget elementor-widget-image\" data-id=\"9b26787\" data-element_type=\"widget\" data-widget_type=\"image.default\">\n\t\t\t\t<div class=\"elementor-widget-container\">\n\t\t\t\t\t<div class=\"elementor-image\">\n\t\t\t\t\t\t\t\t\t\t<img width=\"449\" height=\"500\" src=\"https:\/\/consultoriapadex.com\/wp-content\/uploads\/2020\/06\/clientes2.jpg\" class=\"attachment-full size-full\" alt=\"administracion de bienes familiares\" loading=\"lazy\" srcset=\"https:\/\/consultoriapadex.com\/wp-content\/uploads\/2020\/06\/clientes2.jpg 449w, https:\/\/consultoriapadex.com\/wp-content\/uploads\/2020\/06\/clientes2-269x300.jpg 269w\" sizes=\"(max-width: 449px) 100vw, 449px\" \/>\t\t\t\t\t\t\t\t\t\t\t<\/div>\n\t\t\t\t<\/div>\n\t\t\t\t<\/div>\n\t\t\t\t\t\t<\/div>\n\t\t\t\t\t<\/div>\n\t\t<\/div>\n\t\t\t\t\t\t\t\t<\/div>\n\t\t\t\t\t<\/div>\n\t\t<\/section>\n\t\t\t\t<section class=\"elementor-section elementor-top-section elementor-element elementor-element-16db56f2 elementor-section-full_width elementor-section-height-default elementor-section-height-default\" data-id=\"16db56f2\" data-element_type=\"section\" data-settings=\"{&quot;background_background&quot;:&quot;classic&quot;}\">\n\t\t\t\t\t\t<div class=\"elementor-container elementor-column-gap-default\">\n\t\t\t\t\t\t\t<div class=\"elementor-row\">\n\t\t\t\t\t<div class=\"elementor-column elementor-col-100 elementor-top-column elementor-element elementor-element-5611e9e3\" data-id=\"5611e9e3\" data-element_type=\"column\">\n\t\t\t<div class=\"elementor-column-wrap elementor-element-populated\">\n\t\t\t\t\t\t\t<div class=\"elementor-widget-wrap\">\n\t\t\t\t\t\t<section class=\"elementor-section elementor-inner-section elementor-element elementor-element-7e66cd4 elementor-section-boxed elementor-section-height-default elementor-section-height-default\" data-id=\"7e66cd4\" data-element_type=\"section\">\n\t\t\t\t\t\t<div class=\"elementor-container elementor-column-gap-default\">\n\t\t\t\t\t\t\t<div class=\"elementor-row\">\n\t\t\t\t\t<div class=\"elementor-column elementor-col-100 elementor-inner-column elementor-element elementor-element-b56b6f7\" data-id=\"b56b6f7\" data-element_type=\"column\">\n\t\t\t<div class=\"elementor-column-wrap elementor-element-populated\">\n\t\t\t\t\t\t\t<div class=\"elementor-widget-wrap\">\n\t\t\t\t\t\t<div class=\"elementor-element elementor-element-810265e elementor-view-default elementor-widget elementor-widget-icon\" data-id=\"810265e\" data-element_type=\"widget\" data-widget_type=\"icon.default\">\n\t\t\t\t<div class=\"elementor-widget-container\">\n\t\t\t\t\t<div class=\"elementor-icon-wrapper\">\n\t\t\t<div class=\"elementor-icon\">\n\t\t\t<i aria-hidden=\"true\" class=\"far fa-building\"><\/i>\t\t\t<\/div>\n\t\t<\/div>\n\t\t\t\t<\/div>\n\t\t\t\t<\/div>\n\t\t\t\t<div class=\"elementor-element elementor-element-17bf2da elementor-widget elementor-widget-heading\" data-id=\"17bf2da\" data-element_type=\"widget\" data-widget_type=\"heading.default\">\n\t\t\t\t<div class=\"elementor-widget-container\">\n\t\t\t<h1 class=\"elementor-heading-title elementor-size-default\">INSTITUTIONAL<\/h1>\t\t<\/div>\n\t\t\t\t<\/div>\n\t\t\t\t<div class=\"elementor-element elementor-element-7d3eaa8 elementor-widget elementor-widget-heading\" data-id=\"7d3eaa8\" data-element_type=\"widget\" data-widget_type=\"heading.default\">\n\t\t\t\t<div class=\"elementor-widget-container\">\n\t\t\t<h1 class=\"elementor-heading-title elementor-size-default\">COSTUMERS<\/h1>\t\t<\/div>\n\t\t\t\t<\/div>\n\t\t\t\t\t\t<\/div>\n\t\t\t\t\t<\/div>\n\t\t<\/div>\n\t\t\t\t\t\t\t\t<\/div>\n\t\t\t\t\t<\/div>\n\t\t<\/section>\n\t\t\t\t<section class=\"elementor-section elementor-inner-section elementor-element elementor-element-d2263ed elementor-section-boxed elementor-section-height-default elementor-section-height-default\" data-id=\"d2263ed\" data-element_type=\"section\">\n\t\t\t\t\t\t<div class=\"elementor-container elementor-column-gap-default\">\n\t\t\t\t\t\t\t<div class=\"elementor-row\">\n\t\t\t\t\t<div class=\"elementor-column elementor-col-25 elementor-inner-column elementor-element elementor-element-a6651d5\" data-id=\"a6651d5\" data-element_type=\"column\">\n\t\t\t<div class=\"elementor-column-wrap elementor-element-populated\">\n\t\t\t\t\t\t\t<div class=\"elementor-widget-wrap\">\n\t\t\t\t\t\t<div class=\"elementor-element elementor-element-d150feb elementor-position-top elementor-vertical-align-top elementor-invisible elementor-widget elementor-widget-image-box\" data-id=\"d150feb\" data-element_type=\"widget\" data-settings=\"{&quot;_animation&quot;:&quot;slideInRight&quot;}\" data-widget_type=\"image-box.default\">\n\t\t\t\t<div class=\"elementor-widget-container\">\n\t\t\t<div class=\"elementor-image-box-wrapper\"><figure class=\"elementor-image-box-img\"><img width=\"400\" height=\"445\" src=\"https:\/\/consultoriapadex.com\/wp-content\/uploads\/2020\/07\/clientes3.jpg\" class=\"attachment-full size-full\" alt=\"banco cliente de consultoria padex\" loading=\"lazy\" srcset=\"https:\/\/consultoriapadex.com\/wp-content\/uploads\/2020\/07\/clientes3.jpg 400w, https:\/\/consultoriapadex.com\/wp-content\/uploads\/2020\/07\/clientes3-270x300.jpg 270w\" sizes=\"(max-width: 400px) 100vw, 400px\" \/><\/figure><div class=\"elementor-image-box-content\"><h2 class=\"elementor-image-box-title\">Trusts and Banks<\/h2><p class=\"elementor-image-box-description\">Private companies hire the services of Consultoria Padex S.A to carry out the administrative monitoring of their assets, management of their portfolio and accounting. <\/p><\/div><\/div>\t\t<\/div>\n\t\t\t\t<\/div>\n\t\t\t\t\t\t<\/div>\n\t\t\t\t\t<\/div>\n\t\t<\/div>\n\t\t\t\t<div class=\"elementor-column elementor-col-25 elementor-inner-column elementor-element elementor-element-2e3fb91\" data-id=\"2e3fb91\" data-element_type=\"column\">\n\t\t\t<div class=\"elementor-column-wrap elementor-element-populated\">\n\t\t\t\t\t\t\t<div class=\"elementor-widget-wrap\">\n\t\t\t\t\t\t<div class=\"elementor-element elementor-element-b9e4a2e elementor-position-top elementor-vertical-align-top elementor-invisible elementor-widget elementor-widget-image-box\" data-id=\"b9e4a2e\" data-element_type=\"widget\" data-settings=\"{&quot;_animation&quot;:&quot;slideInRight&quot;,&quot;_animation_delay&quot;:1000}\" data-widget_type=\"image-box.default\">\n\t\t\t\t<div class=\"elementor-widget-container\">\n\t\t\t<div class=\"elementor-image-box-wrapper\"><figure class=\"elementor-image-box-img\"><img width=\"400\" height=\"445\" src=\"https:\/\/consultoriapadex.com\/wp-content\/uploads\/2020\/07\/clientes4.jpg\" class=\"attachment-full size-full\" alt=\"hombre revisando reporte de administraci\u00f3n\" loading=\"lazy\" srcset=\"https:\/\/consultoriapadex.com\/wp-content\/uploads\/2020\/07\/clientes4.jpg 400w, https:\/\/consultoriapadex.com\/wp-content\/uploads\/2020\/07\/clientes4-270x300.jpg 270w\" sizes=\"(max-width: 400px) 100vw, 400px\" \/><\/figure><div class=\"elementor-image-box-content\"><h2 class=\"elementor-image-box-title\">Management companies<\/h2><p class=\"elementor-image-box-description\">Asset management companies use Consultoria Padex S.A to carry out the monitoring of management of physical assets, insurance management and accounting.  <\/p><\/div><\/div>\t\t<\/div>\n\t\t\t\t<\/div>\n\t\t\t\t\t\t<\/div>\n\t\t\t\t\t<\/div>\n\t\t<\/div>\n\t\t\t\t<div class=\"elementor-column elementor-col-25 elementor-inner-column elementor-element elementor-element-5148b58\" data-id=\"5148b58\" data-element_type=\"column\">\n\t\t\t<div class=\"elementor-column-wrap elementor-element-populated\">\n\t\t\t\t\t\t\t<div class=\"elementor-widget-wrap\">\n\t\t\t\t\t\t<div class=\"elementor-element elementor-element-8fe9c4d elementor-position-top elementor-vertical-align-top elementor-invisible elementor-widget elementor-widget-image-box\" data-id=\"8fe9c4d\" data-element_type=\"widget\" data-settings=\"{&quot;_animation&quot;:&quot;slideInRight&quot;,&quot;_animation_delay&quot;:2000}\" data-widget_type=\"image-box.default\">\n\t\t\t\t<div class=\"elementor-widget-container\">\n\t\t\t<div class=\"elementor-image-box-wrapper\"><figure class=\"elementor-image-box-img\"><img width=\"400\" height=\"445\" src=\"https:\/\/consultoriapadex.com\/wp-content\/uploads\/2020\/06\/clientes5.jpg\" class=\"attachment-full size-full\" alt=\"reloj con ahorro que simboliza fondos de pension\" loading=\"lazy\" srcset=\"https:\/\/consultoriapadex.com\/wp-content\/uploads\/2020\/06\/clientes5.jpg 400w, https:\/\/consultoriapadex.com\/wp-content\/uploads\/2020\/06\/clientes5-270x300.jpg 270w\" sizes=\"(max-width: 400px) 100vw, 400px\" \/><\/figure><div class=\"elementor-image-box-content\"><h2 class=\"elementor-image-box-title\">Pension <br> Funds<\/h2><p class=\"elementor-image-box-description\">Pension funds management companies use  Consultoria Padex S.A for the monitoring of  physical assets and portfolio management.  <\/p><\/div><\/div>\t\t<\/div>\n\t\t\t\t<\/div>\n\t\t\t\t\t\t<\/div>\n\t\t\t\t\t<\/div>\n\t\t<\/div>\n\t\t\t\t<div class=\"elementor-column elementor-col-25 elementor-inner-column elementor-element elementor-element-d2fc20b\" data-id=\"d2fc20b\" data-element_type=\"column\">\n\t\t\t<div class=\"elementor-column-wrap elementor-element-populated\">\n\t\t\t\t\t\t\t<div class=\"elementor-widget-wrap\">\n\t\t\t\t\t\t<div class=\"elementor-element elementor-element-000bdc6 elementor-position-top elementor-vertical-align-top elementor-invisible elementor-widget elementor-widget-image-box\" data-id=\"000bdc6\" data-element_type=\"widget\" data-settings=\"{&quot;_animation&quot;:&quot;fadeInRight&quot;,&quot;_animation_delay&quot;:3000}\" data-widget_type=\"image-box.default\">\n\t\t\t\t<div class=\"elementor-widget-container\">\n\t\t\t<div class=\"elementor-image-box-wrapper\"><figure class=\"elementor-image-box-img\"><img width=\"370\" height=\"406\" src=\"https:\/\/consultoriapadex.com\/wp-content\/uploads\/2020\/06\/home1.jpg\" class=\"attachment-full size-full\" alt=\"ejecutivos cerrando trato de family office en panama\" loading=\"lazy\" srcset=\"https:\/\/consultoriapadex.com\/wp-content\/uploads\/2020\/06\/home1.jpg 370w, https:\/\/consultoriapadex.com\/wp-content\/uploads\/2020\/06\/home1-273x300.jpg 273w\" sizes=\"(max-width: 370px) 100vw, 370px\" \/><\/figure><div class=\"elementor-image-box-content\"><h2 class=\"elementor-image-box-title\">Commercial <br> Agents<\/h2><p class=\"elementor-image-box-description\">Commercial agents are historical development partners of our society. We have always worked with them hand by hand respecting the interests of the client and it is a matter of honor for us to reward them fairly.<\/p><\/div><\/div>\t\t<\/div>\n\t\t\t\t<\/div>\n\t\t\t\t\t\t<\/div>\n\t\t\t\t\t<\/div>\n\t\t<\/div>\n\t\t\t\t\t\t\t\t<\/div>\n\t\t\t\t\t<\/div>\n\t\t<\/section>\n\t\t\t\t\t\t<\/div>\n\t\t\t\t\t<\/div>\n\t\t<\/div>\n\t\t\t\t\t\t\t\t<\/div>\n\t\t\t\t\t<\/div>\n\t\t<\/section>\n\t\t\t\t<section class=\"elementor-section elementor-top-section elementor-element elementor-element-5c00167b elementor-section-full_width elementor-section-height-default elementor-section-height-default\" data-id=\"5c00167b\" data-element_type=\"section\">\n\t\t\t\t\t\t<div class=\"elementor-container elementor-column-gap-no\">\n\t\t\t\t\t\t\t<div class=\"elementor-row\">\n\t\t\t\t\t<div class=\"elementor-column elementor-col-100 elementor-top-column elementor-element elementor-element-4575509b\" data-id=\"4575509b\" data-element_type=\"column\">\n\t\t\t<div class=\"elementor-column-wrap elementor-element-populated\">\n\t\t\t\t\t\t\t<div class=\"elementor-widget-wrap\">\n\t\t\t\t\t\t<div class=\"elementor-element elementor-element-b252de5 elementor-widget elementor-widget-heading\" data-id=\"b252de5\" data-element_type=\"widget\" data-widget_type=\"heading.default\">\n\t\t\t\t<div class=\"elementor-widget-container\">\n\t\t\t<h2 class=\"elementor-heading-title elementor-size-default\">HNWI Panama<\/h2>\t\t<\/div>\n\t\t\t\t<\/div>\n\t\t\t\t\t\t<\/div>\n\t\t\t\t\t<\/div>\n\t\t<\/div>\n\t\t\t\t\t\t\t\t<\/div>\n\t\t\t\t\t<\/div>\n\t\t<\/section>\n\t\t\t\t\t\t<\/div>\n\t\t\t\t\t\t<\/div>\n\t\t\t\t\t<\/div>","protected":false},"excerpt":{"rendered":"<p>Clientes CLIENTES Privados Las personas f\u00edsicas que cuenten con un patrimonio importante y que busquen centralizar la gesti\u00f3n y la administraci\u00f3n de sus bienes. Administramos los portafolios de clientes locales, de expatriados o de residentes en Panam\u00e1 y de una clientela internacional. Nuestros clientes son: clientes privados, familias, fundaciones, asociaciones y otras estructuras jur\u00eddicas. Respondemos [&hellip;]<\/p>","protected":false},"author":1,"featured_media":0,"parent":0,"menu_order":0,"comment_status":"closed","ping_status":"closed","template":"elementor_header_footer","meta":[],"yoast_head":"<!-- This site is optimized with the Yoast SEO plugin v15.2.1 - https:\/\/yoast.com\/wordpress\/plugins\/seo\/ -->\n<title>Consultor\u00eda Padex | Servicio a clientes privados e institucionales<\/title>\n<meta name=\"description\" content=\"Nuestros profesionales tienen la capacidad para atender empresas multinacionales, familias, directores de empresas, a t\u00edtulo personal y empresarial.\" \/>\n<meta name=\"robots\" content=\"index, follow, max-snippet:-1, max-image-preview:large, max-video-preview:-1\" \/>\n<link rel=\"canonical\" href=\"https:\/\/consultoriapadex.com\/en\/customers\/\" \/>\n<meta property=\"og:locale\" content=\"en_US\" \/>\n<meta property=\"og:type\" content=\"article\" \/>\n<meta property=\"og:title\" content=\"Consultor\u00eda Padex | Servicio a clientes privados e institucionales\" \/>\n<meta property=\"og:description\" content=\"Nuestros profesionales tienen la capacidad para atender empresas multinacionales, familias, directores de empresas, a t\u00edtulo personal y empresarial.\" \/>\n<meta property=\"og:url\" content=\"https:\/\/consultoriapadex.com\/en\/customers\/\" \/>\n<meta property=\"og:site_name\" content=\"Consultor\u00eda Padex\" \/>\n<meta property=\"article:modified_time\" content=\"2020-10-07T15:13:12+00:00\" \/>\n<meta property=\"og:image\" content=\"https:\/\/consultoriapadex.com\/wp-content\/uploads\/2020\/06\/clientes2.jpg\" \/>\n<meta name=\"twitter:card\" content=\"summary_large_image\" \/>\n<meta name=\"twitter:label1\" content=\"Written by\">\n\t<meta name=\"twitter:data1\" content=\"Consultor\u00eda Padex\">\n\t<meta name=\"twitter:label2\" content=\"Est. reading time\">\n\t<meta name=\"twitter:data2\" content=\"1 minute\">\n<script type=\"application\/ld+json\" class=\"yoast-schema-graph\">{\"@context\":\"https:\/\/schema.org\",\"@graph\":[{\"@type\":\"WebSite\",\"@id\":\"https:\/\/consultoriapadex.com\/es\/#website\",\"url\":\"https:\/\/consultoriapadex.com\/es\/\",\"name\":\"Consultor\\u00eda Padex\",\"description\":\"\",\"potentialAction\":[{\"@type\":\"SearchAction\",\"target\":\"https:\/\/consultoriapadex.com\/es\/?s={search_term_string}\",\"query-input\":\"required name=search_term_string\"}],\"inLanguage\":\"en-US\"},{\"@type\":\"ImageObject\",\"@id\":\"https:\/\/consultoriapadex.com\/clientes\/#primaryimage\",\"inLanguage\":\"en-US\",\"url\":\"https:\/\/consultoriapadex.com\/wp-content\/uploads\/2020\/06\/clientes2.jpg\",\"width\":449,\"height\":500,\"caption\":\"administracion de bienes familiares\"},{\"@type\":\"WebPage\",\"@id\":\"https:\/\/consultoriapadex.com\/clientes\/#webpage\",\"url\":\"https:\/\/consultoriapadex.com\/clientes\/\",\"name\":\"Consultor\\u00eda Padex | Servicio a clientes privados e institucionales\",\"isPartOf\":{\"@id\":\"https:\/\/consultoriapadex.com\/es\/#website\"},\"primaryImageOfPage\":{\"@id\":\"https:\/\/consultoriapadex.com\/clientes\/#primaryimage\"},\"datePublished\":\"2020-06-23T15:19:10+00:00\",\"dateModified\":\"2020-10-07T15:13:12+00:00\",\"description\":\"Nuestros profesionales tienen la capacidad para atender empresas multinacionales, familias, directores de empresas, a t\\u00edtulo personal y empresarial.\",\"inLanguage\":\"en-US\",\"potentialAction\":[{\"@type\":\"ReadAction\",\"target\":[\"https:\/\/consultoriapadex.com\/clientes\/\"]}]}]}<\/script>\n<!-- \/ Yoast SEO plugin. -->","_links":{"self":[{"href":"https:\/\/consultoriapadex.com\/en\/wp-json\/wp\/v2\/pages\/1031"}],"collection":[{"href":"https:\/\/consultoriapadex.com\/en\/wp-json\/wp\/v2\/pages"}],"about":[{"href":"https:\/\/consultoriapadex.com\/en\/wp-json\/wp\/v2\/types\/page"}],"author":[{"embeddable":true,"href":"https:\/\/consultoriapadex.com\/en\/wp-json\/wp\/v2\/users\/1"}],"replies":[{"embeddable":true,"href":"https:\/\/consultoriapadex.com\/en\/wp-json\/wp\/v2\/comments?post=1031"}],"version-history":[{"count":83,"href":"https:\/\/consultoriapadex.com\/en\/wp-json\/wp\/v2\/pages\/1031\/revisions"}],"predecessor-version":[{"id":2091,"href":"https:\/\/consultoriapadex.com\/en\/wp-json\/wp\/v2\/pages\/1031\/revisions\/2091"}],"wp:attachment":[{"href":"https:\/\/consultoriapadex.com\/en\/wp-json\/wp\/v2\/media?parent=1031"}],"curies":[{"name":"wp","href":"https:\/\/api.w.org\/{rel}","templated":true}]}}